{"id":73,"date":"2023-08-30T16:14:35","date_gmt":"2023-08-30T16:14:35","guid":{"rendered":"https:\/\/webtend.site\/wp\/limestone\/?page_id=73"},"modified":"2024-07-07T02:25:32","modified_gmt":"2024-07-07T02:25:32","slug":"home-one-2","status":"publish","type":"page","link":"https:\/\/ip-adm.com\/fr\/","title":{"rendered":"Home One"},"content":{"rendered":"<div data-elementor-type=\"wp-page\" data-elementor-id=\"73\" class=\"elementor elementor-73\" data-elementor-post-type=\"page\">\n\t\t\t\t\t\t<section class=\"elementor-section elementor-top-section elementor-element elementor-element-40104234 elementor-section-content-middle elementor-section-stretched elementor-section-full_width elementor-section-height-default elementor-section-height-default\" data-id=\"40104234\" data-element_type=\"section\" data-settings=\"{&quot;background_background&quot;:&quot;classic&quot;,&quot;stretch_section&quot;:&quot;section-stretched&quot;}\">\n\t\t\t\t\t\t\t<div class=\"elementor-background-overlay\"><\/div>\n\t\t\t\t\t\t\t<div class=\"elementor-container elementor-column-gap-no\">\n\t\t\t\t\t<div class=\"elementor-column elementor-col-100 elementor-top-column elementor-element elementor-element-27baa545\" data-id=\"27baa545\" data-element_type=\"column\">\n\t\t\t<div class=\"elementor-widget-wrap elementor-element-populated\">\n\t\t\t\t\t\t<section class=\"elementor-section elementor-inner-section elementor-element elementor-element-651ca3f5 elementor-section-content-middle elementor-section-full_width elementor-section-height-default elementor-section-height-default\" data-id=\"651ca3f5\" data-element_type=\"section\">\n\t\t\t\t\t\t<div class=\"elementor-container elementor-column-gap-no\">\n\t\t\t\t\t<div class=\"elementor-column elementor-col-100 elementor-inner-column elementor-element elementor-element-5797a6f3\" data-id=\"5797a6f3\" data-element_type=\"column\">\n\t\t\t<div class=\"elementor-widget-wrap elementor-element-populated\">\n\t\t\t\t\t\t<div class=\"elementor-element elementor-element-4503fa14 envato-kit-139-slider elementor--h-position-center elementor--v-position-middle elementor-arrows-position-inside elementor-widget elementor-widget-slides\" data-id=\"4503fa14\" data-element_type=\"widget\" data-settings=\"{&quot;navigation&quot;:&quot;arrows&quot;,&quot;transition&quot;:&quot;fade&quot;,&quot;autoplay_speed&quot;:6000,&quot;autoplay&quot;:&quot;yes&quot;,&quot;pause_on_interaction&quot;:&quot;yes&quot;,&quot;infinite&quot;:&quot;yes&quot;,&quot;transition_speed&quot;:500}\" data-widget_type=\"slides.default\">\n\t\t\t\t<div class=\"elementor-widget-container\">\n\t\t\t\t\t\t\t\t\t<div class=\"elementor-swiper\">\n\t\t\t\t\t<div class=\"elementor-slides-wrapper elementor-main-swiper swiper\" role=\"region\" aria-roledescription=\"carousel\" aria-label=\"Slides\" dir=\"ltr\" data-animation=\"zoomIn\">\n\t\t\t\t<div class=\"swiper-wrapper elementor-slides\">\n\t\t\t\t\t\t\t\t\t\t<div class=\"elementor-repeater-item-d70a11e swiper-slide\" role=\"group\" aria-roledescription=\"slide\"><div class=\"swiper-slide-bg elementor-ken-burns elementor-ken-burns--in\" role=\"img\"><\/div><div class=\"elementor-background-overlay\"><\/div><a class=\"swiper-slide-inner\" href=\"#serv\"><div class=\"swiper-slide-contents\"><div class=\"elementor-slide-heading\">ADM Intellectual Property <br> (Trademark & Patent Agents)<\/div><div  class=\"elementor-button elementor-slide-button elementor-size-md\">D\u00e9couvrez nos prestations<\/div><\/div><\/a><\/div><div class=\"elementor-repeater-item-e726e2c swiper-slide\" role=\"group\" aria-roledescription=\"slide\"><div class=\"swiper-slide-bg elementor-ken-burns elementor-ken-burns--in\" role=\"img\"><\/div><div class=\"elementor-background-overlay\"><\/div><a class=\"swiper-slide-inner\" href=\"#serv\"><div class=\"swiper-slide-contents\"><div class=\"elementor-slide-heading\">ADM Intellectual Property <br> (Trademark & Patent Agents)<\/div><div  class=\"elementor-button elementor-slide-button elementor-size-md\">D\u00e9couvrez nos prestations<\/div><\/div><\/a><\/div>\t\t\t\t<\/div>\n\t\t\t\t\t\t\t\t\t\t\t\t\t\t\t<div class=\"elementor-swiper-button elementor-swiper-button-prev\" role=\"button\" tabindex=\"0\" aria-label=\"Previous slide\">\n\t\t\t\t\t\t\t<i aria-hidden=\"true\" class=\"eicon-chevron-left\"><\/i>\t\t\t\t\t\t<\/div>\n\t\t\t\t\t\t<div class=\"elementor-swiper-button elementor-swiper-button-next\" role=\"button\" tabindex=\"0\" aria-label=\"Next slide\">\n\t\t\t\t\t\t\t<i aria-hidden=\"true\" class=\"eicon-chevron-right\"><\/i>\t\t\t\t\t\t<\/div>\n\t\t\t\t\t\t\t\t\t\t\t\t\t\t\t\t\t<\/div>\n\t\t\t\t<\/div>\n\t\t\t\t\t\t\t\t<\/div>\n\t\t\t\t<\/div>\n\t\t\t\t\t<\/div>\n\t\t<\/div>\n\t\t\t\t\t<\/div>\n\t\t<\/section>\n\t\t\t\t\t<\/div>\n\t\t<\/div>\n\t\t\t\t\t<\/div>\n\t\t<\/section>\n\t\t<div class=\"elementor-element elementor-element-fa89768 e-flex e-con-boxed e-con e-parent\" data-id=\"fa89768\" data-element_type=\"container\">\n\t\t\t\t\t<div class=\"e-con-inner\">\n\t\t<div class=\"elementor-element elementor-element-d4bce95 e-con-full e-flex e-con e-child\" data-id=\"d4bce95\" data-element_type=\"container\">\n\t\t\t\t<div class=\"elementor-element elementor-element-8d34854 elementor-widget__width-initial elementor-invisible elementor-widget elementor-widget-limestone-section-title\" data-id=\"8d34854\" data-element_type=\"widget\" data-settings=\"{&quot;_animation&quot;:&quot;fadeInUp&quot;,&quot;_animation_delay&quot;:200}\" data-widget_type=\"limestone-section-title.default\">\n\t\t\t\t<div class=\"elementor-widget-container\">\n\t\t\t\t\t\t\t<div class=\"limestone-section-title\">\r\n\t\t\t\t\t\t<div class=\"subtitle\">\r\n\t\t\t\t\t\t\t\t<span class=\"icon\"><i class=\"fas fa-angle-double-right\"><\/i><\/span>\r\n\t\t\t\t\t\t\t\t<span class=\"subtitle-text\">\r\n\t\t\t\t\t\u00c0 propos\t\t\t\t<\/span>\r\n\t\t\t<\/div>\r\n\t\t\t\t\t\t\t\t\t<h3 class=\"title\">\r\n\t\t\t\t\t\t\t\t<span class=\"main-text\">\r\n\t\t\t\t\tQu\u2019est-ce que la propri\u00e9t\u00e9 intellectuelle d\u2019ADM ?\t\t\t\t<\/span>\r\n\t\t\t\t\t\t\t<\/h3>\r\n\t\t\t\t\t<\/div>\r\n\t\t\t\t\t\t<\/div>\n\t\t\t\t<\/div>\n\t\t\t\t<\/div>\n\t\t<div class=\"elementor-element elementor-element-ce76d78 e-con-full e-flex e-con e-child\" data-id=\"ce76d78\" data-element_type=\"container\">\n\t\t\t\t<div class=\"elementor-element elementor-element-28a5cf4 elementor-widget elementor-widget-limestone-iconic-image-card\" data-id=\"28a5cf4\" data-element_type=\"widget\" data-widget_type=\"limestone-iconic-image-card.default\">\n\t\t\t\t<div class=\"elementor-widget-container\">\n\t\t\t\t\t\t\t<div class=\"limestone-iconic-image-card design-one\">\r\n\t\t\t\t\t\t<div class=\"image\">\r\n\t\t\t\t<img fetchpriority=\"high\" decoding=\"async\" width=\"768\" height=\"633\" src=\"https:\/\/ip-adm.com\/wp-content\/uploads\/2024\/05\/Intellectual-property-e1716672038914-768x633.jpg\" class=\"attachment-medium_large size-medium_large wp-image-2633\" alt=\"\" srcset=\"https:\/\/ip-adm.com\/wp-content\/uploads\/2024\/05\/Intellectual-property-e1716672038914-768x633.jpg 768w, https:\/\/ip-adm.com\/wp-content\/uploads\/2024\/05\/Intellectual-property-e1716672038914-600x495.jpg 600w, https:\/\/ip-adm.com\/wp-content\/uploads\/2024\/05\/Intellectual-property-e1716672038914-300x247.jpg 300w, https:\/\/ip-adm.com\/wp-content\/uploads\/2024\/05\/Intellectual-property-e1716672038914-1024x844.jpg 1024w, https:\/\/ip-adm.com\/wp-content\/uploads\/2024\/05\/Intellectual-property-e1716672038914.jpg 1093w\" sizes=\"(max-width: 768px) 100vw, 768px\" \/>\t\t\t<\/div>\r\n\t\t\t\t\t\t<div class=\"content\">\r\n\t\t\t\t\t\t\t\t\t\t\t\t\t<h4 class=\"title\">\r\n                        <a class=\"title-text\" href=\"https:\/\/ip-adm.com\/fr\/about-us\/\">IP-ADM<\/a>                    <\/h4>\r\n\t\t\t\t\r\n\t\t\t\t<p class=\"description\">ADM Intellectual Property (Trademark &amp; Patent Agents) est un Cabinet Marocain qui met  toute l\u2019exp\u00e9rience de ses consultants en mati\u00e8re de propri\u00e9t\u00e9 industrielle, \u00e0 la disposition de ses...<\/p>                        <a class=\"read-more icon-right\" href=\"https:\/\/ip-adm.com\/fr\/about-us\/\">\r\n                            <span class=\"read-more-text\">\r\n\t\t\t\t\t\t\t\tlire la suite\t\t\t\t\t\t\t<\/span>\r\n\t\t\t\t\t\t\t                            <span class=\"read-more-icon\">\r\n\t\t\t\t\t\t\t\t<i class=\"fas fa-angle-double-right\"><\/i>\t\t\t\t\t\t\t<\/span>\r\n\t\t\t\t\t\t\t                        <\/a>\r\n                        \t\t\t<\/div>\r\n\t\t<\/div>\r\n\t\t\t\t\t\t<\/div>\n\t\t\t\t<\/div>\n\t\t\t\t<\/div>\n\t\t\t\t\t<\/div>\n\t\t\t\t<\/div>\n\t\t<div class=\"elementor-element elementor-element-33e171b e-flex e-con-boxed e-con e-parent\" data-id=\"33e171b\" data-element_type=\"container\" id=\"serv\">\n\t\t\t\t\t<div class=\"e-con-inner\">\n\t\t<div class=\"elementor-element elementor-element-1a22821 e-con-full e-flex e-con e-child\" data-id=\"1a22821\" data-element_type=\"container\">\n\t\t\t\t<div class=\"elementor-element elementor-element-fc8f4da elementor-widget__width-initial elementor-invisible elementor-widget elementor-widget-limestone-section-title\" data-id=\"fc8f4da\" data-element_type=\"widget\" data-settings=\"{&quot;_animation&quot;:&quot;fadeInUp&quot;,&quot;_animation_delay&quot;:200}\" data-widget_type=\"limestone-section-title.default\">\n\t\t\t\t<div class=\"elementor-widget-container\">\n\t\t\t\t\t\t\t<div class=\"limestone-section-title\">\r\n\t\t\t\t\t\t<div class=\"subtitle\">\r\n\t\t\t\t\t\t\t\t<span class=\"icon\"><i class=\"fas fa-angle-double-right\"><\/i><\/span>\r\n\t\t\t\t\t\t\t\t<span class=\"subtitle-text\">\r\n\t\t\t\t\tNos services\t\t\t\t<\/span>\r\n\t\t\t<\/div>\r\n\t\t\t\t\t\t\t\t\t<h3 class=\"title\">\r\n\t\t\t\t\t\t\t\t<span class=\"main-text\">\r\n\t\t\t\t\tNous fournissons des services de propri\u00e9t\u00e9 intellectuelle de la meilleure qualit\u00e9\t\t\t\t<\/span>\r\n\t\t\t\t\t\t\t<\/h3>\r\n\t\t\t\t\t<\/div>\r\n\t\t\t\t\t\t<\/div>\n\t\t\t\t<\/div>\n\t\t\t\t<\/div>\n\t\t<div class=\"elementor-element elementor-element-cf95425 e-con-full e-flex elementor-invisible e-con e-child\" data-id=\"cf95425\" data-element_type=\"container\" data-settings=\"{&quot;animation&quot;:&quot;fadeInUp&quot;,&quot;animation_delay&quot;:300}\">\n\t\t\t\t<div class=\"elementor-element elementor-element-c2ebfbe elementor-widget elementor-widget-limestone-iconic-info-box\" data-id=\"c2ebfbe\" data-element_type=\"widget\" data-widget_type=\"limestone-iconic-info-box.default\">\n\t\t\t\t<div class=\"elementor-widget-container\">\n\t\t\t\t\t        <div class=\"limestone-iconic-info-box text-left icon-top\">\r\n                        <div class=\"box-content\">\r\n                                    <h4 class=\"box-title\">\r\n                        <span class=\"title-text\">Brevets<\/span>                    <\/h4>\r\n\t\t\t\t\t                                <p class=\"description\">Searches among granted patents; drafting of written opinion; filing of Patents app...<\/p>                        <a class=\"read-more-btn icon-right\" href=\"https:\/\/ip-adm.com\/fr\/patent\/\">\r\n                            <span class=\"btn-text\">\r\n\t\t\t\t\t\t\t\tlire la suite\t\t\t\t\t\t\t<\/span>\r\n\t\t\t\t\t\t\t                            <span class=\"btn-icon\">\r\n\t\t\t\t\t\t\t\t<i class=\"fas fa-angle-double-right\"><\/i>\t\t\t\t\t\t\t<\/span>\r\n\t\t\t\t\t\t\t                        <\/a>\r\n                                    <\/div>\r\n                        <span class=\"top-bordered\"><\/span>        <\/div>\r\n        \t\t\t\t<\/div>\n\t\t\t\t<\/div>\n\t\t\t\t<\/div>\n\t\t<div class=\"elementor-element elementor-element-77835cf e-con-full e-flex elementor-invisible e-con e-child\" data-id=\"77835cf\" data-element_type=\"container\" data-settings=\"{&quot;animation&quot;:&quot;fadeInUp&quot;,&quot;animation_delay&quot;:500}\">\n\t\t\t\t<div class=\"elementor-element elementor-element-620237a elementor-widget elementor-widget-limestone-iconic-info-box\" data-id=\"620237a\" data-element_type=\"widget\" data-widget_type=\"limestone-iconic-info-box.default\">\n\t\t\t\t<div class=\"elementor-widget-container\">\n\t\t\t\t\t        <div class=\"limestone-iconic-info-box text-left icon-top\">\r\n                        <div class=\"box-content\">\r\n                                    <h4 class=\"box-title\">\r\n                        <span class=\"title-text\">Dessins industriels<\/span>                    <\/h4>\r\n\t\t\t\t\t                                <p class=\"description\">Searches among registered designs \/ models; Filing design applications and renewal...\n\n<\/p>                        <a class=\"read-more-btn icon-right\" href=\"https:\/\/ip-adm.com\/fr\/industrial-design\/\">\r\n                            <span class=\"btn-text\">\r\n\t\t\t\t\t\t\t\tlire la suite\t\t\t\t\t\t\t<\/span>\r\n\t\t\t\t\t\t\t                            <span class=\"btn-icon\">\r\n\t\t\t\t\t\t\t\t<i class=\"fas fa-angle-double-right\"><\/i>\t\t\t\t\t\t\t<\/span>\r\n\t\t\t\t\t\t\t                        <\/a>\r\n                                    <\/div>\r\n                        <span class=\"top-bordered\"><\/span>        <\/div>\r\n        \t\t\t\t<\/div>\n\t\t\t\t<\/div>\n\t\t\t\t<\/div>\n\t\t<div class=\"elementor-element elementor-element-204f6e6 e-con-full e-flex elementor-invisible e-con e-child\" data-id=\"204f6e6\" data-element_type=\"container\" data-settings=\"{&quot;animation&quot;:&quot;fadeInUp&quot;,&quot;animation_delay&quot;:600}\">\n\t\t\t\t<div class=\"elementor-element elementor-element-512bea2 elementor-widget elementor-widget-limestone-iconic-info-box\" data-id=\"512bea2\" data-element_type=\"widget\" data-widget_type=\"limestone-iconic-info-box.default\">\n\t\t\t\t<div class=\"elementor-widget-container\">\n\t\t\t\t\t        <div class=\"limestone-iconic-info-box text-left icon-top\">\r\n                        <div class=\"box-content\">\r\n                                    <h4 class=\"box-title\">\r\n                        <span class=\"title-text\">Marques<\/span>                    <\/h4>\r\n\t\t\t\t\t                                <p class=\"description\">Availability searches among national and international trademarks, designating Mor...\n\n<\/p>                        <a class=\"read-more-btn icon-right\" href=\"https:\/\/ip-adm.com\/fr\/trademark\/\">\r\n                            <span class=\"btn-text\">\r\n\t\t\t\t\t\t\t\tlire la suite\t\t\t\t\t\t\t<\/span>\r\n\t\t\t\t\t\t\t                            <span class=\"btn-icon\">\r\n\t\t\t\t\t\t\t\t<i class=\"fas fa-angle-double-right\"><\/i>\t\t\t\t\t\t\t<\/span>\r\n\t\t\t\t\t\t\t                        <\/a>\r\n                                    <\/div>\r\n                        <span class=\"top-bordered\"><\/span>        <\/div>\r\n        \t\t\t\t<\/div>\n\t\t\t\t<\/div>\n\t\t\t\t<\/div>\n\t\t<div class=\"elementor-element elementor-element-2e002ad e-con-full e-flex elementor-invisible e-con e-child\" data-id=\"2e002ad\" data-element_type=\"container\" data-settings=\"{&quot;animation&quot;:&quot;fadeInUp&quot;,&quot;animation_delay&quot;:700}\">\n\t\t\t\t<div class=\"elementor-element elementor-element-f751a02 elementor-widget elementor-widget-limestone-iconic-info-box\" data-id=\"f751a02\" data-element_type=\"widget\" data-widget_type=\"limestone-iconic-info-box.default\">\n\t\t\t\t<div class=\"elementor-widget-container\">\n\t\t\t\t\t        <div class=\"limestone-iconic-info-box text-left icon-top\">\r\n                        <div class=\"box-content\">\r\n                                    <h4 class=\"box-title\">\r\n                        <span class=\"title-text\">Contentieux ip<\/span>                    <\/h4>\r\n\t\t\t\t\t                                <p class=\"description\">Prior to any litigation action, ADM Intellectual Property provides clients with a legal ...<\/p>                        <a class=\"read-more-btn icon-right\" href=\"https:\/\/ip-adm.com\/fr\/ip-litigation\/\">\r\n                            <span class=\"btn-text\">\r\n\t\t\t\t\t\t\t\tlire la suite\t\t\t\t\t\t\t<\/span>\r\n\t\t\t\t\t\t\t                            <span class=\"btn-icon\">\r\n\t\t\t\t\t\t\t\t<i class=\"fas fa-angle-double-right\"><\/i>\t\t\t\t\t\t\t<\/span>\r\n\t\t\t\t\t\t\t                        <\/a>\r\n                                    <\/div>\r\n                        <span class=\"top-bordered\"><\/span>        <\/div>\r\n        \t\t\t\t<\/div>\n\t\t\t\t<\/div>\n\t\t\t\t<\/div>\n\t\t<div class=\"elementor-element elementor-element-1cd7118 e-con-full e-flex elementor-invisible e-con e-child\" data-id=\"1cd7118\" data-element_type=\"container\" data-settings=\"{&quot;animation&quot;:&quot;fadeInUp&quot;,&quot;animation_delay&quot;:800}\">\n\t\t\t\t<div class=\"elementor-element elementor-element-54474f7 elementor-widget elementor-widget-limestone-iconic-info-box\" data-id=\"54474f7\" data-element_type=\"widget\" data-widget_type=\"limestone-iconic-info-box.default\">\n\t\t\t\t<div class=\"elementor-widget-container\">\n\t\t\t\t\t        <div class=\"limestone-iconic-info-box text-left icon-top\">\r\n                        <div class=\"box-content\">\r\n                                    <h4 class=\"box-title\">\r\n                        <span class=\"title-text\">Surveillance<\/span>                    <\/h4>\r\n\t\t\t\t\t                                <p class=\"description\">Watching of published trademarks; opinion and assessment of oppositions; drafting ...\n\n<\/p>                        <a class=\"read-more-btn icon-right\" href=\"https:\/\/ip-adm.com\/fr\/watch-services\/\">\r\n                            <span class=\"btn-text\">\r\n\t\t\t\t\t\t\t\tlire la suite\t\t\t\t\t\t\t<\/span>\r\n\t\t\t\t\t\t\t                            <span class=\"btn-icon\">\r\n\t\t\t\t\t\t\t\t<i class=\"fas fa-angle-double-right\"><\/i>\t\t\t\t\t\t\t<\/span>\r\n\t\t\t\t\t\t\t                        <\/a>\r\n                                    <\/div>\r\n                        <span class=\"top-bordered\"><\/span>        <\/div>\r\n        \t\t\t\t<\/div>\n\t\t\t\t<\/div>\n\t\t\t\t<\/div>\n\t\t<div class=\"elementor-element elementor-element-a45f45d e-con-full e-flex elementor-invisible e-con e-child\" data-id=\"a45f45d\" data-element_type=\"container\" data-settings=\"{&quot;animation&quot;:&quot;fadeInUp&quot;,&quot;animation_delay&quot;:900}\">\n\t\t\t\t<div class=\"elementor-element elementor-element-b9d5ce9 elementor-widget elementor-widget-limestone-iconic-info-box\" data-id=\"b9d5ce9\" data-element_type=\"widget\" data-widget_type=\"limestone-iconic-info-box.default\">\n\t\t\t\t<div class=\"elementor-widget-container\">\n\t\t\t\t\t        <div class=\"limestone-iconic-info-box text-left icon-top\">\r\n                        <div class=\"box-content\">\r\n                                    <h4 class=\"box-title\">\r\n                        <span class=\"title-text\">Douane<\/span>                    <\/h4>\r\n\t\t\t\t\t                                <p class=\"description\">Filing of customs suspension applications; assistance in seizures proceedings once counterfeit ...<\/p>                        <a class=\"read-more-btn icon-right\" href=\"https:\/\/ip-adm.com\/fr\/customs\/\">\r\n                            <span class=\"btn-text\">\r\n\t\t\t\t\t\t\t\tlire la suite\t\t\t\t\t\t\t<\/span>\r\n\t\t\t\t\t\t\t                            <span class=\"btn-icon\">\r\n\t\t\t\t\t\t\t\t<i class=\"fas fa-angle-double-right\"><\/i>\t\t\t\t\t\t\t<\/span>\r\n\t\t\t\t\t\t\t                        <\/a>\r\n                                    <\/div>\r\n                        <span class=\"top-bordered\"><\/span>        <\/div>\r\n        \t\t\t\t<\/div>\n\t\t\t\t<\/div>\n\t\t\t\t<\/div>\n\t\t\t\t\t<\/div>\n\t\t\t\t<\/div>\n\t\t<div class=\"elementor-element elementor-element-a080096 e-flex e-con-boxed e-con e-parent\" data-id=\"a080096\" data-element_type=\"container\" data-settings=\"{&quot;background_background&quot;:&quot;classic&quot;}\">\n\t\t\t\t\t<div class=\"e-con-inner\">\n\t\t<div class=\"elementor-element elementor-element-8b06d72 e-con-full e-flex e-con e-child\" data-id=\"8b06d72\" data-element_type=\"container\">\n\t\t\t\t<div class=\"elementor-element elementor-element-6fd81af elementor-widget__width-initial elementor-invisible elementor-widget elementor-widget-limestone-section-title\" data-id=\"6fd81af\" data-element_type=\"widget\" data-settings=\"{&quot;_animation&quot;:&quot;fadeInLeft&quot;}\" data-widget_type=\"limestone-section-title.default\">\n\t\t\t\t<div class=\"elementor-widget-container\">\n\t\t\t\t\t\t\t<div class=\"limestone-section-title\">\r\n\t\t\t\t\t\t<div class=\"subtitle\">\r\n\t\t\t\t\t\t\t\t<span class=\"icon\"><i class=\"fas fa-angle-double-right\"><\/i><\/span>\r\n\t\t\t\t\t\t\t\t<span class=\"subtitle-text\">\r\n\t\t\t\t\tObtenir une consultation\t\t\t\t<\/span>\r\n\t\t\t<\/div>\r\n\t\t\t\t\t\t\t\t\t<h3 class=\"title\">\r\n\t\t\t\t\t\t\t\t<span class=\"main-text\">\r\n\t\t\t\t\tBesoin de consultation\u00a0!\t\t\t\t<\/span>\r\n\t\t\t\t\t\t\t<\/h3>\r\n\t\t\t\t\t<\/div>\r\n\t\t\t\t\t\t<\/div>\n\t\t\t\t<\/div>\n\t\t\t\t<div class=\"elementor-element elementor-element-682d72c elementor-widget elementor-widget-button\" data-id=\"682d72c\" data-element_type=\"widget\" data-widget_type=\"button.default\">\n\t\t\t\t<div class=\"elementor-widget-container\">\n\t\t\t\t\t\t\t\t\t<div class=\"elementor-button-wrapper\">\n\t\t\t\t\t<a class=\"elementor-button elementor-button-link elementor-size-sm elementor-animation-hover-top-bottom\" href=\"https:\/\/ip-adm.com\/fr\/contact\/\">\n\t\t\t\t\t\t<span class=\"elementor-button-content-wrapper\">\n\t\t\t\t\t\t<span class=\"elementor-button-icon\">\n\t\t\t\t<i aria-hidden=\"true\" class=\"fas fa-angle-double-right\"><\/i>\t\t\t<\/span>\n\t\t\t\t\t\t\t\t\t<span class=\"elementor-button-text\">Obtenir une consultation<\/span>\n\t\t\t\t\t<\/span>\n\t\t\t\t\t<\/a>\n\t\t\t\t<\/div>\n\t\t\t\t\t\t\t\t<\/div>\n\t\t\t\t<\/div>\n\t\t\t\t<\/div>\n\t\t\t\t\t<\/div>\n\t\t\t\t<\/div>\n\t\t\t\t<\/div>","protected":false},"excerpt":{"rendered":"<p>ADM Intellectual Property (Trademark &#038; Patent Agents)Discover our servicesADM Intellectual Property (Trademark &#038; Patent Agents)Discover our services Previous slide Next slide About-Us What is ADM Intellectual Property? IP-ADM ADM Intellectual Property (Trademark &amp; Patent Agents) is a Moroccan Firm, whose well experienced consultants are ready to meet clients\u2019 needs and requirements in all IP fields, [&hellip;]<\/p>","protected":false},"author":1,"featured_media":0,"parent":0,"menu_order":0,"comment_status":"closed","ping_status":"closed","template":"","meta":{"footnotes":""},"class_list":["post-73","page","type-page","status-publish","hentry"],"_hostinger_reach_plugin_has_subscription_block":false,"_hostinger_reach_plugin_is_elementor":false,"_links":{"self":[{"href":"https:\/\/ip-adm.com\/fr\/wp-json\/wp\/v2\/pages\/73","targetHints":{"allow":["GET"]}}],"collection":[{"href":"https:\/\/ip-adm.com\/fr\/wp-json\/wp\/v2\/pages"}],"about":[{"href":"https:\/\/ip-adm.com\/fr\/wp-json\/wp\/v2\/types\/page"}],"author":[{"embeddable":true,"href":"https:\/\/ip-adm.com\/fr\/wp-json\/wp\/v2\/users\/1"}],"replies":[{"embeddable":true,"href":"https:\/\/ip-adm.com\/fr\/wp-json\/wp\/v2\/comments?post=73"}],"version-history":[{"count":339,"href":"https:\/\/ip-adm.com\/fr\/wp-json\/wp\/v2\/pages\/73\/revisions"}],"predecessor-version":[{"id":3541,"href":"https:\/\/ip-adm.com\/fr\/wp-json\/wp\/v2\/pages\/73\/revisions\/3541"}],"wp:attachment":[{"href":"https:\/\/ip-adm.com\/fr\/wp-json\/wp\/v2\/media?parent=73"}],"curies":[{"name":"wp","href":"https:\/\/api.w.org\/{rel}","templated":true}]}}