{"id":3056,"date":"2024-06-12T22:14:00","date_gmt":"2024-06-12T22:14:00","guid":{"rendered":"https:\/\/ip-adm.com\/?page_id=3056"},"modified":"2024-06-12T22:19:28","modified_gmt":"2024-06-12T22:19:28","slug":"customs","status":"publish","type":"page","link":"https:\/\/ip-adm.com\/fr\/customs\/","title":{"rendered":"Douane"},"content":{"rendered":"<div data-elementor-type=\"wp-page\" data-elementor-id=\"3056\" class=\"elementor elementor-3056\" data-elementor-post-type=\"page\">\n\t\t\t\t<div class=\"elementor-element elementor-element-9f6ab1e e-flex e-con-boxed e-con e-parent\" data-id=\"9f6ab1e\" data-element_type=\"container\">\n\t\t\t\t\t<div class=\"e-con-inner\">\n\t\t\t\t<div class=\"elementor-element elementor-element-f123def elementor-widget elementor-widget-spacer\" data-id=\"f123def\" data-element_type=\"widget\" data-widget_type=\"spacer.default\">\n\t\t\t\t<div class=\"elementor-widget-container\">\n\t\t\t\t\t\t\t<div class=\"elementor-spacer\">\n\t\t\t<div class=\"elementor-spacer-inner\"><\/div>\n\t\t<\/div>\n\t\t\t\t\t\t<\/div>\n\t\t\t\t<\/div>\n\t\t\t\t<div class=\"elementor-element elementor-element-45722a5 elementor-widget elementor-widget-limestone-iconic-image-card\" data-id=\"45722a5\" data-element_type=\"widget\" data-widget_type=\"limestone-iconic-image-card.default\">\n\t\t\t\t<div class=\"elementor-widget-container\">\n\t\t\t\t\t\t\t<div class=\"limestone-iconic-image-card design-one\">\r\n\t\t\t\t\t\t<div class=\"image\">\r\n\t\t\t\t<img fetchpriority=\"high\" decoding=\"async\" width=\"768\" height=\"512\" src=\"https:\/\/ip-adm.com\/wp-content\/uploads\/2024\/06\/The-Customs-Import-of-Goods-at-Concessional-Rate-of-Duty-Amendment-Rules-2022-768x512.jpg\" class=\"attachment-medium_large size-medium_large wp-image-3059\" alt=\"\" srcset=\"https:\/\/ip-adm.com\/wp-content\/uploads\/2024\/06\/The-Customs-Import-of-Goods-at-Concessional-Rate-of-Duty-Amendment-Rules-2022-768x512.jpg 768w, https:\/\/ip-adm.com\/wp-content\/uploads\/2024\/06\/The-Customs-Import-of-Goods-at-Concessional-Rate-of-Duty-Amendment-Rules-2022-300x200.jpg 300w, https:\/\/ip-adm.com\/wp-content\/uploads\/2024\/06\/The-Customs-Import-of-Goods-at-Concessional-Rate-of-Duty-Amendment-Rules-2022-600x400.jpg 600w, https:\/\/ip-adm.com\/wp-content\/uploads\/2024\/06\/The-Customs-Import-of-Goods-at-Concessional-Rate-of-Duty-Amendment-Rules-2022.jpg 1000w\" sizes=\"(max-width: 768px) 100vw, 768px\" \/>\t\t\t<\/div>\r\n\t\t\t\t\t\t<div class=\"content\">\r\n\t\t\t\t\t\t\t\t\t\t\t\t\t<h4 class=\"title\">\r\n                        <a class=\"title-text\" href=\"#\">Douane<\/a>                    <\/h4>\r\n\t\t\t\t\r\n\t\t\t\t<p class=\"description\">D\u00e9p\u00f4t des demandes de suspension douani\u00e8re\u00a0; assistance aux proc\u00e9dures de saisie une fois les produits contrefaits suspendus par les douanes ; introduction d\u2019actions judiciaires substantielles par des avocats qualifi\u00e9s<\/p>\t\t\t<\/div>\r\n\t\t<\/div>\r\n\t\t\t\t\t\t<\/div>\n\t\t\t\t<\/div>\n\t\t\t\t<div class=\"elementor-element elementor-element-ba60501 elementor-widget elementor-widget-spacer\" data-id=\"ba60501\" data-element_type=\"widget\" data-widget_type=\"spacer.default\">\n\t\t\t\t<div class=\"elementor-widget-container\">\n\t\t\t\t\t\t\t<div class=\"elementor-spacer\">\n\t\t\t<div class=\"elementor-spacer-inner\"><\/div>\n\t\t<\/div>\n\t\t\t\t\t\t<\/div>\n\t\t\t\t<\/div>\n\t\t\t\t\t<\/div>\n\t\t\t\t<\/div>\n\t\t\t\t<\/div>","protected":false},"excerpt":{"rendered":"<p>Customs Filing of customs suspension applications; assistance in seizures proceedings once counterfeit products are suspended by the customs; institution of substantive court actions by skilled Lawyers<\/p>","protected":false},"author":1,"featured_media":0,"parent":0,"menu_order":0,"comment_status":"closed","ping_status":"closed","template":"","meta":{"footnotes":""},"class_list":["post-3056","page","type-page","status-publish","hentry"],"_hostinger_reach_plugin_has_subscription_block":false,"_hostinger_reach_plugin_is_elementor":false,"_links":{"self":[{"href":"https:\/\/ip-adm.com\/fr\/wp-json\/wp\/v2\/pages\/3056","targetHints":{"allow":["GET"]}}],"collection":[{"href":"https:\/\/ip-adm.com\/fr\/wp-json\/wp\/v2\/pages"}],"about":[{"href":"https:\/\/ip-adm.com\/fr\/wp-json\/wp\/v2\/types\/page"}],"author":[{"embeddable":true,"href":"https:\/\/ip-adm.com\/fr\/wp-json\/wp\/v2\/users\/1"}],"replies":[{"embeddable":true,"href":"https:\/\/ip-adm.com\/fr\/wp-json\/wp\/v2\/comments?post=3056"}],"version-history":[{"count":4,"href":"https:\/\/ip-adm.com\/fr\/wp-json\/wp\/v2\/pages\/3056\/revisions"}],"predecessor-version":[{"id":3062,"href":"https:\/\/ip-adm.com\/fr\/wp-json\/wp\/v2\/pages\/3056\/revisions\/3062"}],"wp:attachment":[{"href":"https:\/\/ip-adm.com\/fr\/wp-json\/wp\/v2\/media?parent=3056"}],"curies":[{"name":"wp","href":"https:\/\/api.w.org\/{rel}","templated":true}]}}