{"id":3042,"date":"2024-06-12T21:59:59","date_gmt":"2024-06-12T21:59:59","guid":{"rendered":"https:\/\/ip-adm.com\/?page_id=3042"},"modified":"2024-06-12T22:05:47","modified_gmt":"2024-06-12T22:05:47","slug":"ip-litigation","status":"publish","type":"page","link":"https:\/\/ip-adm.com\/fr\/ip-litigation\/","title":{"rendered":"Contentieux ip"},"content":{"rendered":"<div data-elementor-type=\"wp-page\" data-elementor-id=\"3042\" class=\"elementor elementor-3042\" data-elementor-post-type=\"page\">\n\t\t\t\t<div class=\"elementor-element elementor-element-38a066a e-flex e-con-boxed e-con e-parent\" data-id=\"38a066a\" data-element_type=\"container\">\n\t\t\t\t\t<div class=\"e-con-inner\">\n\t\t\t\t<div class=\"elementor-element elementor-element-84c638d elementor-widget elementor-widget-spacer\" data-id=\"84c638d\" data-element_type=\"widget\" data-widget_type=\"spacer.default\">\n\t\t\t\t<div class=\"elementor-widget-container\">\n\t\t\t\t\t\t\t<div class=\"elementor-spacer\">\n\t\t\t<div class=\"elementor-spacer-inner\"><\/div>\n\t\t<\/div>\n\t\t\t\t\t\t<\/div>\n\t\t\t\t<\/div>\n\t\t\t\t<div class=\"elementor-element elementor-element-30be471 elementor-widget elementor-widget-limestone-iconic-image-card\" data-id=\"30be471\" data-element_type=\"widget\" data-widget_type=\"limestone-iconic-image-card.default\">\n\t\t\t\t<div class=\"elementor-widget-container\">\n\t\t\t\t\t\t\t<div class=\"limestone-iconic-image-card design-one\">\r\n\t\t\t\t\t\t<div class=\"image\">\r\n\t\t\t\t<img fetchpriority=\"high\" decoding=\"async\" width=\"500\" height=\"333\" src=\"https:\/\/ip-adm.com\/wp-content\/uploads\/2024\/06\/ip-litigation.jpg\" class=\"attachment-medium_large size-medium_large wp-image-3045\" alt=\"\" srcset=\"https:\/\/ip-adm.com\/wp-content\/uploads\/2024\/06\/ip-litigation.jpg 500w, https:\/\/ip-adm.com\/wp-content\/uploads\/2024\/06\/ip-litigation-300x200.jpg 300w\" sizes=\"(max-width: 500px) 100vw, 500px\" \/>\t\t\t<\/div>\r\n\t\t\t\t\t\t<div class=\"content\">\r\n\t\t\t\t\t\t\t\t\t\t\t\t\t<h4 class=\"title\">\r\n                        <a class=\"title-text\" href=\"#\">Contentieux ip<\/a>                    <\/h4>\r\n\t\t\t\t\r\n\t\t\t\t<p class=\"description\">- Pr\u00e9alablement \u00e0 tout contentieux, ADM Intellectual Property fourni une opinion l\u00e9gale, avisant ses clients sur les meilleures options \u00e0 adopter ainsi qu\u2019une \u00e9valuation objective sur les chances de succ\u00e8s dans la proc\u00e9dure judiciaire ;\n<br>\n- Intervention pour fin de n\u00e9gociation des litiges, par voie amiable.<\/p>\t\t\t<\/div>\r\n\t\t<\/div>\r\n\t\t\t\t\t\t<\/div>\n\t\t\t\t<\/div>\n\t\t\t\t<div class=\"elementor-element elementor-element-a617e42 elementor-widget elementor-widget-spacer\" data-id=\"a617e42\" data-element_type=\"widget\" data-widget_type=\"spacer.default\">\n\t\t\t\t<div class=\"elementor-widget-container\">\n\t\t\t\t\t\t\t<div class=\"elementor-spacer\">\n\t\t\t<div class=\"elementor-spacer-inner\"><\/div>\n\t\t<\/div>\n\t\t\t\t\t\t<\/div>\n\t\t\t\t<\/div>\n\t\t\t\t\t<\/div>\n\t\t\t\t<\/div>\n\t\t\t\t<\/div>","protected":false},"excerpt":{"rendered":"<p>IP Litigation &#8211; Prior to any litigation action, ADM Intellectual Property provides clients with a legal opinion advising on the best course of action and assessment of the chances in the legal proceedings. &#8211; Intervention aiming to settle the conflict amicably<\/p>","protected":false},"author":1,"featured_media":0,"parent":0,"menu_order":0,"comment_status":"closed","ping_status":"closed","template":"","meta":{"footnotes":""},"class_list":["post-3042","page","type-page","status-publish","hentry"],"_hostinger_reach_plugin_has_subscription_block":false,"_hostinger_reach_plugin_is_elementor":false,"_links":{"self":[{"href":"https:\/\/ip-adm.com\/fr\/wp-json\/wp\/v2\/pages\/3042","targetHints":{"allow":["GET"]}}],"collection":[{"href":"https:\/\/ip-adm.com\/fr\/wp-json\/wp\/v2\/pages"}],"about":[{"href":"https:\/\/ip-adm.com\/fr\/wp-json\/wp\/v2\/types\/page"}],"author":[{"embeddable":true,"href":"https:\/\/ip-adm.com\/fr\/wp-json\/wp\/v2\/users\/1"}],"replies":[{"embeddable":true,"href":"https:\/\/ip-adm.com\/fr\/wp-json\/wp\/v2\/comments?post=3042"}],"version-history":[{"count":4,"href":"https:\/\/ip-adm.com\/fr\/wp-json\/wp\/v2\/pages\/3042\/revisions"}],"predecessor-version":[{"id":3048,"href":"https:\/\/ip-adm.com\/fr\/wp-json\/wp\/v2\/pages\/3042\/revisions\/3048"}],"wp:attachment":[{"href":"https:\/\/ip-adm.com\/fr\/wp-json\/wp\/v2\/media?parent=3042"}],"curies":[{"name":"wp","href":"https:\/\/api.w.org\/{rel}","templated":true}]}}