{"id":3035,"date":"2024-06-12T15:40:13","date_gmt":"2024-06-12T15:40:13","guid":{"rendered":"https:\/\/ip-adm.com\/?page_id=3035"},"modified":"2024-06-12T15:46:53","modified_gmt":"2024-06-12T15:46:53","slug":"trademark","status":"publish","type":"page","link":"https:\/\/ip-adm.com\/fr\/trademark\/","title":{"rendered":"Marques"},"content":{"rendered":"<div data-elementor-type=\"wp-page\" data-elementor-id=\"3035\" class=\"elementor elementor-3035\" data-elementor-post-type=\"page\">\n\t\t\t\t<div class=\"elementor-element elementor-element-b45df45 e-flex e-con-boxed e-con e-parent\" data-id=\"b45df45\" data-element_type=\"container\">\n\t\t\t\t\t<div class=\"e-con-inner\">\n\t\t\t\t<div class=\"elementor-element elementor-element-6657717 elementor-widget elementor-widget-spacer\" data-id=\"6657717\" data-element_type=\"widget\" data-widget_type=\"spacer.default\">\n\t\t\t\t<div class=\"elementor-widget-container\">\n\t\t\t\t\t\t\t<div class=\"elementor-spacer\">\n\t\t\t<div class=\"elementor-spacer-inner\"><\/div>\n\t\t<\/div>\n\t\t\t\t\t\t<\/div>\n\t\t\t\t<\/div>\n\t\t\t\t<div class=\"elementor-element elementor-element-1415258 elementor-widget elementor-widget-limestone-iconic-image-card\" data-id=\"1415258\" data-element_type=\"widget\" data-widget_type=\"limestone-iconic-image-card.default\">\n\t\t\t\t<div class=\"elementor-widget-container\">\n\t\t\t\t\t\t\t<div class=\"limestone-iconic-image-card design-one\">\r\n\t\t\t\t\t\t<div class=\"image\">\r\n\t\t\t\t<img fetchpriority=\"high\" decoding=\"async\" width=\"492\" height=\"345\" src=\"https:\/\/ip-adm.com\/wp-content\/uploads\/2024\/06\/What-is-the-validity-of-a-Trademark.jpg\" class=\"attachment-medium_large size-medium_large wp-image-3038\" alt=\"\" srcset=\"https:\/\/ip-adm.com\/wp-content\/uploads\/2024\/06\/What-is-the-validity-of-a-Trademark.jpg 492w, https:\/\/ip-adm.com\/wp-content\/uploads\/2024\/06\/What-is-the-validity-of-a-Trademark-300x210.jpg 300w\" sizes=\"(max-width: 492px) 100vw, 492px\" \/>\t\t\t<\/div>\r\n\t\t\t\t\t\t<div class=\"content\">\r\n\t\t\t\t\t\t\t\t\t\t\t\t\t<h4 class=\"title\">\r\n                        <a class=\"title-text\" href=\"#\">Marques<\/a>                    <\/h4>\r\n\t\t\t\t\r\n\t\t\t\t<p class=\"description\">- Recherches d\u2019ant\u00e9riorit\u00e9 parmi les marques nationales et internationales d\u00e9signant le Maroc ;\n\n<br>- proc\u00e9dure de d\u00e9p\u00f4ts des marques jusqu\u2019\u00e0 l\u2019enregistrement.\n<br>\n- Gestion appropri\u00e9e des portefeuilles de marques et suivi des \u00e9ch\u00e9ances de renouvellement ;\n<br>\n- R\u00e9daction d'actes d'enregistrement modifiant et affectant la propri\u00e9t\u00e9 d'une marque, \u00e0 savoir Cessions ;\n<br>\n- R\u00e9daction de contrats de licence, de franchises, d'accords de coexistence et suivi des marques vuln\u00e9rables aux actions en invalidation pour non-usage ;\n<br>\n- Veille des marques publi\u00e9es et \u00e9valuation d'\u00e9ventuelles oppositions ;\n<br>\n- R\u00e9daction d'oppositions et assistance gratuite en pr\u00e9contentieux.\n\n<\/p>\t\t\t<\/div>\r\n\t\t<\/div>\r\n\t\t\t\t\t\t<\/div>\n\t\t\t\t<\/div>\n\t\t\t\t<div class=\"elementor-element elementor-element-baa7e19 elementor-widget elementor-widget-spacer\" data-id=\"baa7e19\" data-element_type=\"widget\" data-widget_type=\"spacer.default\">\n\t\t\t\t<div class=\"elementor-widget-container\">\n\t\t\t\t\t\t\t<div class=\"elementor-spacer\">\n\t\t\t<div class=\"elementor-spacer-inner\"><\/div>\n\t\t<\/div>\n\t\t\t\t\t\t<\/div>\n\t\t\t\t<\/div>\n\t\t\t\t\t<\/div>\n\t\t\t\t<\/div>\n\t\t\t\t<\/div>","protected":false},"excerpt":{"rendered":"<p>Trademark &#8211; Availability searches among national and international trademarks, designating Morocco; &#8211; Filing proceedings until registration of the trademark; &#8211; Management of trademarks portfolio and monitoring of renewal deadlines; &#8211; Drafting recording acts amending and affecting the ownership of a trademark, namely Assignments; &#8211; Drafting license contracts, franchises, coexistence agreements and monitoring of trademarks vulnerable [&hellip;]<\/p>","protected":false},"author":1,"featured_media":0,"parent":0,"menu_order":0,"comment_status":"closed","ping_status":"closed","template":"","meta":{"footnotes":""},"class_list":["post-3035","page","type-page","status-publish","hentry"],"_hostinger_reach_plugin_has_subscription_block":false,"_hostinger_reach_plugin_is_elementor":false,"_links":{"self":[{"href":"https:\/\/ip-adm.com\/fr\/wp-json\/wp\/v2\/pages\/3035","targetHints":{"allow":["GET"]}}],"collection":[{"href":"https:\/\/ip-adm.com\/fr\/wp-json\/wp\/v2\/pages"}],"about":[{"href":"https:\/\/ip-adm.com\/fr\/wp-json\/wp\/v2\/types\/page"}],"author":[{"embeddable":true,"href":"https:\/\/ip-adm.com\/fr\/wp-json\/wp\/v2\/users\/1"}],"replies":[{"embeddable":true,"href":"https:\/\/ip-adm.com\/fr\/wp-json\/wp\/v2\/comments?post=3035"}],"version-history":[{"count":4,"href":"https:\/\/ip-adm.com\/fr\/wp-json\/wp\/v2\/pages\/3035\/revisions"}],"predecessor-version":[{"id":3041,"href":"https:\/\/ip-adm.com\/fr\/wp-json\/wp\/v2\/pages\/3035\/revisions\/3041"}],"wp:attachment":[{"href":"https:\/\/ip-adm.com\/fr\/wp-json\/wp\/v2\/media?parent=3035"}],"curies":[{"name":"wp","href":"https:\/\/api.w.org\/{rel}","templated":true}]}}