{"id":3014,"date":"2024-06-11T23:04:33","date_gmt":"2024-06-11T23:04:33","guid":{"rendered":"https:\/\/ip-adm.com\/?page_id=3014"},"modified":"2024-06-11T23:16:53","modified_gmt":"2024-06-11T23:16:53","slug":"industrial-design","status":"publish","type":"page","link":"https:\/\/ip-adm.com\/fr\/industrial-design\/","title":{"rendered":"Dessins industriels"},"content":{"rendered":"<div data-elementor-type=\"wp-page\" data-elementor-id=\"3014\" class=\"elementor elementor-3014\" data-elementor-post-type=\"page\">\n\t\t\t\t<div class=\"elementor-element elementor-element-cea741b e-flex e-con-boxed e-con e-parent\" data-id=\"cea741b\" data-element_type=\"container\">\n\t\t\t\t\t<div class=\"e-con-inner\">\n\t\t\t\t<div class=\"elementor-element elementor-element-ae1c153 elementor-widget elementor-widget-spacer\" data-id=\"ae1c153\" data-element_type=\"widget\" data-widget_type=\"spacer.default\">\n\t\t\t\t<div class=\"elementor-widget-container\">\n\t\t\t\t\t\t\t<div class=\"elementor-spacer\">\n\t\t\t<div class=\"elementor-spacer-inner\"><\/div>\n\t\t<\/div>\n\t\t\t\t\t\t<\/div>\n\t\t\t\t<\/div>\n\t\t\t\t<div class=\"elementor-element elementor-element-cb06f55 elementor-widget elementor-widget-limestone-iconic-image-card\" data-id=\"cb06f55\" data-element_type=\"widget\" data-widget_type=\"limestone-iconic-image-card.default\">\n\t\t\t\t<div class=\"elementor-widget-container\">\n\t\t\t\t\t\t\t<div class=\"limestone-iconic-image-card design-one\">\r\n\t\t\t\t\t\t<div class=\"image\">\r\n\t\t\t\t<img fetchpriority=\"high\" decoding=\"async\" width=\"650\" height=\"397\" src=\"https:\/\/ip-adm.com\/wp-content\/uploads\/2024\/06\/Industrial-art.jpg\" class=\"attachment-medium_large size-medium_large wp-image-2749\" alt=\"\" srcset=\"https:\/\/ip-adm.com\/wp-content\/uploads\/2024\/06\/Industrial-art.jpg 650w, https:\/\/ip-adm.com\/wp-content\/uploads\/2024\/06\/Industrial-art-600x366.jpg 600w, https:\/\/ip-adm.com\/wp-content\/uploads\/2024\/06\/Industrial-art-300x183.jpg 300w\" sizes=\"(max-width: 650px) 100vw, 650px\" \/>\t\t\t<\/div>\r\n\t\t\t\t\t\t<div class=\"content\">\r\n\t\t\t\t\t\t\t\t\t\t\t\t\t<h4 class=\"title\">\r\n                        <a class=\"title-text\" href=\"#\">Dessins industriels<\/a>                    <\/h4>\r\n\t\t\t\t\r\n\t\t\t\t<p class=\"description\">- Recherches parmi les dessins\/mod\u00e8les enregistr\u00e9s, proc\u00e9dure de d\u00e9p\u00f4t des demandes et gestion des \u00e9ch\u00e9ances de renouvellements ;\n\n<br>- R\u00e9daction et inscription, le cas \u00e9ch\u00e9ant, des actes de cession, contrats de licence et Accord de coexistence et de copropri\u00e9t\u00e9.\n\n<\/p>\t\t\t<\/div>\r\n\t\t<\/div>\r\n\t\t\t\t\t\t<\/div>\n\t\t\t\t<\/div>\n\t\t\t\t<div class=\"elementor-element elementor-element-84be53c elementor-widget elementor-widget-spacer\" data-id=\"84be53c\" data-element_type=\"widget\" data-widget_type=\"spacer.default\">\n\t\t\t\t<div class=\"elementor-widget-container\">\n\t\t\t\t\t\t\t<div class=\"elementor-spacer\">\n\t\t\t<div class=\"elementor-spacer-inner\"><\/div>\n\t\t<\/div>\n\t\t\t\t\t\t<\/div>\n\t\t\t\t<\/div>\n\t\t\t\t\t<\/div>\n\t\t\t\t<\/div>\n\t\t\t\t<\/div>","protected":false},"excerpt":{"rendered":"<p>Industrial Design &#8211; Searches among registered designs \/ models; Filing design applications and renewal monitoring &#8211; Drafting and recording, where applicable, deeds of assignment, license contracts, coexistence and co-ownership agreements<\/p>","protected":false},"author":1,"featured_media":0,"parent":0,"menu_order":0,"comment_status":"closed","ping_status":"closed","template":"","meta":{"footnotes":""},"class_list":["post-3014","page","type-page","status-publish","hentry"],"_hostinger_reach_plugin_has_subscription_block":false,"_hostinger_reach_plugin_is_elementor":false,"_links":{"self":[{"href":"https:\/\/ip-adm.com\/fr\/wp-json\/wp\/v2\/pages\/3014","targetHints":{"allow":["GET"]}}],"collection":[{"href":"https:\/\/ip-adm.com\/fr\/wp-json\/wp\/v2\/pages"}],"about":[{"href":"https:\/\/ip-adm.com\/fr\/wp-json\/wp\/v2\/types\/page"}],"author":[{"embeddable":true,"href":"https:\/\/ip-adm.com\/fr\/wp-json\/wp\/v2\/users\/1"}],"replies":[{"embeddable":true,"href":"https:\/\/ip-adm.com\/fr\/wp-json\/wp\/v2\/comments?post=3014"}],"version-history":[{"count":13,"href":"https:\/\/ip-adm.com\/fr\/wp-json\/wp\/v2\/pages\/3014\/revisions"}],"predecessor-version":[{"id":3034,"href":"https:\/\/ip-adm.com\/fr\/wp-json\/wp\/v2\/pages\/3014\/revisions\/3034"}],"wp:attachment":[{"href":"https:\/\/ip-adm.com\/fr\/wp-json\/wp\/v2\/media?parent=3014"}],"curies":[{"name":"wp","href":"https:\/\/api.w.org\/{rel}","templated":true}]}}