{"id":3007,"date":"2024-06-11T22:57:10","date_gmt":"2024-06-11T22:57:10","guid":{"rendered":"https:\/\/ip-adm.com\/?page_id=3007"},"modified":"2024-06-11T23:10:59","modified_gmt":"2024-06-11T23:10:59","slug":"patent","status":"publish","type":"page","link":"https:\/\/ip-adm.com\/fr\/patent\/","title":{"rendered":"Brevets"},"content":{"rendered":"<div data-elementor-type=\"wp-page\" data-elementor-id=\"3007\" class=\"elementor elementor-3007\" data-elementor-post-type=\"page\">\n\t\t\t\t<div class=\"elementor-element elementor-element-6c84252 e-flex e-con-boxed e-con e-parent\" data-id=\"6c84252\" data-element_type=\"container\">\n\t\t\t\t\t<div class=\"e-con-inner\">\n\t\t\t\t<div class=\"elementor-element elementor-element-faf5dd2 elementor-widget elementor-widget-spacer\" data-id=\"faf5dd2\" data-element_type=\"widget\" data-widget_type=\"spacer.default\">\n\t\t\t\t<div class=\"elementor-widget-container\">\n\t\t\t\t\t\t\t<div class=\"elementor-spacer\">\n\t\t\t<div class=\"elementor-spacer-inner\"><\/div>\n\t\t<\/div>\n\t\t\t\t\t\t<\/div>\n\t\t\t\t<\/div>\n\t\t\t\t<div class=\"elementor-element elementor-element-741811c elementor-widget elementor-widget-limestone-iconic-image-card\" data-id=\"741811c\" data-element_type=\"widget\" data-widget_type=\"limestone-iconic-image-card.default\">\n\t\t\t\t<div class=\"elementor-widget-container\">\n\t\t\t\t\t\t\t<div class=\"limestone-iconic-image-card design-one\">\r\n\t\t\t\t\t\t<div class=\"image\">\r\n\t\t\t\t<img fetchpriority=\"high\" decoding=\"async\" width=\"288\" height=\"175\" src=\"https:\/\/ip-adm.com\/wp-content\/uploads\/2024\/06\/images-2.jpeg\" class=\"attachment-medium_large size-medium_large wp-image-3010\" alt=\"\" \/>\t\t\t<\/div>\r\n\t\t\t\t\t\t<div class=\"content\">\r\n\t\t\t\t\t\t\t\t\t\t\t\t\t<h4 class=\"title\">\r\n                        <a class=\"title-text\" href=\"#\">Brevets<\/a>                    <\/h4>\r\n\t\t\t\t\r\n\t\t\t\t<p class=\"description\">* Recherches parmi les brevets d\u00e9livr\u00e9s, r\u00e9daction d\u2019opinion \u00e9crite et d\u00e9p\u00f4ts des demandes de Brevets d\u2019Invention selon la loi en vigueur ;\n<br>\n* Suivi de la proc\u00e9dure jusqu\u2019\u00e0 d\u00e9livrance de brevet et des \u00e9ch\u00e9ances des annuit\u00e9s ;\n<br>\n* R\u00e9daction et inscription des actes modifiant et affectant la propri\u00e9t\u00e9 des brevets, notamment les actes de cession ;\n<br>\n* R\u00e9daction et inscription des contrats de licence ;\n<br>\n* Proc\u00e9dure de prolongation de la dur\u00e9e des brevets pharmaceutiques, selon les dispositions sp\u00e9ciales.\n\n<\/p>\t\t\t<\/div>\r\n\t\t<\/div>\r\n\t\t\t\t\t\t<\/div>\n\t\t\t\t<\/div>\n\t\t\t\t<div class=\"elementor-element elementor-element-3b39931 elementor-widget elementor-widget-spacer\" data-id=\"3b39931\" data-element_type=\"widget\" data-widget_type=\"spacer.default\">\n\t\t\t\t<div class=\"elementor-widget-container\">\n\t\t\t\t\t\t\t<div class=\"elementor-spacer\">\n\t\t\t<div class=\"elementor-spacer-inner\"><\/div>\n\t\t<\/div>\n\t\t\t\t\t\t<\/div>\n\t\t\t\t<\/div>\n\t\t\t\t\t<\/div>\n\t\t\t\t<\/div>\n\t\t\t\t<\/div>","protected":false},"excerpt":{"rendered":"<p>Patent * Searches among granted patents; drafting of written opinion; filing of Patents applications according to the current law * Follow up of grant proceedings and monitoring of annuities deadlines; * Drafting recording acts amending and affecting the ownership of a trademark, namely Assignments; * Drafting and recording license contracts; * Extension of the validity [&hellip;]<\/p>","protected":false},"author":1,"featured_media":0,"parent":0,"menu_order":0,"comment_status":"closed","ping_status":"closed","template":"","meta":{"footnotes":""},"class_list":["post-3007","page","type-page","status-publish","hentry"],"_hostinger_reach_plugin_has_subscription_block":false,"_hostinger_reach_plugin_is_elementor":false,"_links":{"self":[{"href":"https:\/\/ip-adm.com\/fr\/wp-json\/wp\/v2\/pages\/3007","targetHints":{"allow":["GET"]}}],"collection":[{"href":"https:\/\/ip-adm.com\/fr\/wp-json\/wp\/v2\/pages"}],"about":[{"href":"https:\/\/ip-adm.com\/fr\/wp-json\/wp\/v2\/types\/page"}],"author":[{"embeddable":true,"href":"https:\/\/ip-adm.com\/fr\/wp-json\/wp\/v2\/users\/1"}],"replies":[{"embeddable":true,"href":"https:\/\/ip-adm.com\/fr\/wp-json\/wp\/v2\/comments?post=3007"}],"version-history":[{"count":10,"href":"https:\/\/ip-adm.com\/fr\/wp-json\/wp\/v2\/pages\/3007\/revisions"}],"predecessor-version":[{"id":3028,"href":"https:\/\/ip-adm.com\/fr\/wp-json\/wp\/v2\/pages\/3007\/revisions\/3028"}],"wp:attachment":[{"href":"https:\/\/ip-adm.com\/fr\/wp-json\/wp\/v2\/media?parent=3007"}],"curies":[{"name":"wp","href":"https:\/\/api.w.org\/{rel}","templated":true}]}}