{"id":137,"date":"2023-08-31T09:07:29","date_gmt":"2023-08-31T09:07:29","guid":{"rendered":"https:\/\/webtend.site\/wp\/limestone\/?page_id=137"},"modified":"2024-06-13T10:55:53","modified_gmt":"2024-06-13T10:55:53","slug":"about-us","status":"publish","type":"page","link":"https:\/\/ip-adm.com\/fr\/about-us\/","title":{"rendered":"\u00c0 propos"},"content":{"rendered":"<div data-elementor-type=\"wp-page\" data-elementor-id=\"137\" class=\"elementor elementor-137\" data-elementor-post-type=\"page\">\n\t\t\t\t<div class=\"elementor-element elementor-element-a57eab0 e-flex e-con-boxed e-con e-parent\" data-id=\"a57eab0\" data-element_type=\"container\">\n\t\t\t\t\t<div class=\"e-con-inner\">\n\t\t<div class=\"elementor-element elementor-element-5b5bf5b e-con-full e-flex elementor-invisible e-con e-child\" data-id=\"5b5bf5b\" data-element_type=\"container\" data-settings=\"{&quot;animation&quot;:&quot;fadeInLeft&quot;}\">\n\t\t\t\t<div class=\"elementor-element elementor-element-939258b elementor-widget elementor-widget-image\" data-id=\"939258b\" data-element_type=\"widget\" data-widget_type=\"image.default\">\n\t\t\t\t<div class=\"elementor-widget-container\">\n\t\t\t\t\t\t\t\t\t\t\t\t\t\t\t<img fetchpriority=\"high\" decoding=\"async\" width=\"1093\" height=\"901\" src=\"https:\/\/ip-adm.com\/wp-content\/uploads\/2024\/05\/Intellectual-property-e1716672038914.jpg\" class=\"attachment-full size-full wp-image-2633\" alt=\"\" srcset=\"https:\/\/ip-adm.com\/wp-content\/uploads\/2024\/05\/Intellectual-property-e1716672038914.jpg 1093w, https:\/\/ip-adm.com\/wp-content\/uploads\/2024\/05\/Intellectual-property-e1716672038914-600x495.jpg 600w, https:\/\/ip-adm.com\/wp-content\/uploads\/2024\/05\/Intellectual-property-e1716672038914-300x247.jpg 300w, https:\/\/ip-adm.com\/wp-content\/uploads\/2024\/05\/Intellectual-property-e1716672038914-1024x844.jpg 1024w, https:\/\/ip-adm.com\/wp-content\/uploads\/2024\/05\/Intellectual-property-e1716672038914-768x633.jpg 768w\" sizes=\"(max-width: 1093px) 100vw, 1093px\" \/>\t\t\t\t\t\t\t\t\t\t\t\t\t\t\t<\/div>\n\t\t\t\t<\/div>\n\t\t\t\t<div class=\"elementor-element elementor-element-8684849 elementor-absolute elementor-widget__width-initial elementor-widget elementor-widget-limestone-progress-bar\" data-id=\"8684849\" data-element_type=\"widget\" data-settings=\"{&quot;_position&quot;:&quot;absolute&quot;}\" data-widget_type=\"limestone-progress-bar.default\">\n\t\t\t\t<div class=\"elementor-widget-container\">\n\t\t\t\t\t\t\t<div class=\"limestone-progress-bar bar-circle title-top\">\r\n\t\t\t\t\t\t\t\t\t<div class=\"progress-header\">\r\n\t\t\t\t<span class=\"title\">\r\n\t\t\t\t\tProject <br \/>Success Rate\t\t\t\t<\/span>\r\n\t\t\t<\/div>\r\n\t\t\t\t\t\t<div class=\"circle-progress\" data-percent=\"89\" data-base-color=\"#FF8F26\" data-line-color=\"#FFFFFF\" style=\"background: #FF8F26;\">\r\n\t\t\t\t<span class=\"elementor-counter-number\" data-duration=\"2000\" data-to-value=\"89\">\r\n\t\t\t\t\t0\t\t\t\t<\/span>\r\n\t\t\t<\/div>\r\n\t\t\t        <\/div>\r\n\t\t\t\t\t\t<\/div>\n\t\t\t\t<\/div>\n\t\t\t\t<\/div>\n\t\t<div class=\"elementor-element elementor-element-8121d96 e-con-full e-flex elementor-invisible e-con e-child\" data-id=\"8121d96\" data-element_type=\"container\" data-settings=\"{&quot;animation&quot;:&quot;fadeInRight&quot;}\">\n\t\t\t\t<div class=\"elementor-element elementor-element-743f66a elementor-widget elementor-widget-limestone-section-title\" data-id=\"743f66a\" data-element_type=\"widget\" data-widget_type=\"limestone-section-title.default\">\n\t\t\t\t<div class=\"elementor-widget-container\">\n\t\t\t\t\t\t\t<div class=\"limestone-section-title\">\r\n\t\t\t\t\t\t<div class=\"subtitle\">\r\n\t\t\t\t\t\t\t\t<span class=\"icon\"><i class=\"fas fa-angle-double-right\"><\/i><\/span>\r\n\t\t\t\t\t\t\t\t<span class=\"subtitle-text\">\r\n\t\t\t\t\t\u00c0 propos de la soci\u00e9t\u00e9\t\t\t\t<\/span>\r\n\t\t\t<\/div>\r\n\t\t\t\t\t\t\t\t\t<h3 class=\"title\">\r\n\t\t\t\t\t\t\t\t<span class=\"main-text\">\r\n\t\t\t\t\tADM Intellectual Property\t\t\t\t<\/span>\r\n\t\t\t\t\t\t\t<\/h3>\r\n\t\t\t\t\t<\/div>\r\n\t\t\t\t\t\t<\/div>\n\t\t\t\t<\/div>\n\t\t\t\t<div class=\"elementor-element elementor-element-225ae2e elementor-widget elementor-widget-text-editor\" data-id=\"225ae2e\" data-element_type=\"widget\" data-widget_type=\"text-editor.default\">\n\t\t\t\t<div class=\"elementor-widget-container\">\n\t\t\t\t\t\t\t\t\t<p><em><strong>ADM Intellectual Property<\/strong><\/em>\u00a0(Trademark &amp; Patent Agents) est un Cabinet Marocain qui met  toute l\u2019exp\u00e9rience de ses consultants en mati\u00e8re de propri\u00e9t\u00e9 industrielle, \u00e0 la disposition de ses clients,  pour r\u00e9pondre \u00e0 leurs besoins portant essentiellement sur  les volets suivant:<\/p><p>La protection des titres de propri\u00e9t\u00e9 industrielle  (Brevets, Dessins\/Mod\u00e8les, Industriel et Marques) ; la surveillance continue des marques publi\u00e9es, les recherches et les investigations sur le march\u00e9 ainsi que le conseil et l\u2019assistance portant sur les contentieux relatifs \u00e0 la Propri\u00e9t\u00e9 Industrielle.<\/p>\t\t\t\t\t\t\t\t<\/div>\n\t\t\t\t<\/div>\n\t\t\t\t<\/div>\n\t\t\t\t\t<\/div>\n\t\t\t\t<\/div>\n\t\t\t\t<\/div>","protected":false},"excerpt":{"rendered":"<p>Project Success Rate 0 About Company ADM Intellectual Property ADM Intellectual Property\u00a0(Trademark &amp; Patent Agents) is a Moroccan Firm, whose well experienced consultants are ready to meet clients\u2019 needs and requirements in all IP fields, namely the following areas: The protection of Industrial Property titles: (Patents, Industrial Designs \/ Models and Trademarks); continuous Trademark monitoring, [&hellip;]<\/p>","protected":false},"author":1,"featured_media":0,"parent":0,"menu_order":0,"comment_status":"closed","ping_status":"closed","template":"","meta":{"footnotes":""},"class_list":["post-137","page","type-page","status-publish","hentry"],"_hostinger_reach_plugin_has_subscription_block":false,"_hostinger_reach_plugin_is_elementor":false,"_links":{"self":[{"href":"https:\/\/ip-adm.com\/fr\/wp-json\/wp\/v2\/pages\/137","targetHints":{"allow":["GET"]}}],"collection":[{"href":"https:\/\/ip-adm.com\/fr\/wp-json\/wp\/v2\/pages"}],"about":[{"href":"https:\/\/ip-adm.com\/fr\/wp-json\/wp\/v2\/types\/page"}],"author":[{"embeddable":true,"href":"https:\/\/ip-adm.com\/fr\/wp-json\/wp\/v2\/users\/1"}],"replies":[{"embeddable":true,"href":"https:\/\/ip-adm.com\/fr\/wp-json\/wp\/v2\/comments?post=137"}],"version-history":[{"count":16,"href":"https:\/\/ip-adm.com\/fr\/wp-json\/wp\/v2\/pages\/137\/revisions"}],"predecessor-version":[{"id":3150,"href":"https:\/\/ip-adm.com\/fr\/wp-json\/wp\/v2\/pages\/137\/revisions\/3150"}],"wp:attachment":[{"href":"https:\/\/ip-adm.com\/fr\/wp-json\/wp\/v2\/media?parent=137"}],"curies":[{"name":"wp","href":"https:\/\/api.w.org\/{rel}","templated":true}]}}